{"id":7705,"date":"2026-05-01T17:22:14","date_gmt":"2026-05-01T15:22:14","guid":{"rendered":"https:\/\/ventascrm.hu\/home\/?page_id=7705"},"modified":"2026-05-01T17:23:10","modified_gmt":"2026-05-01T15:23:10","slug":"elementor-7705","status":"publish","type":"page","link":"https:\/\/ventascrm.hu\/home\/elementor-7705\/","title":{"rendered":"Elementor #7705"},"content":{"rendered":"\t\t<div data-elementor-type=\"wp-page\" data-elementor-id=\"7705\" class=\"elementor elementor-7705\">\n\t\t\t\t<div class=\"elementor-element elementor-element-229607c e-flex e-con-boxed rt-default-class e-con e-parent\" data-id=\"229607c\" data-element_type=\"container\" data-e-type=\"container\">\n\t\t\t\t\t<div class=\"e-con-inner\">\n\t\t<div class=\"elementor-element elementor-element-f50abb4 e-con-full e-flex rt-default-class e-con e-child\" data-id=\"f50abb4\" data-element_type=\"container\" data-e-type=\"container\">\n\t\t\t\t<div class=\"elementor-element elementor-element-d8bf827 rt-default-class elementor-widget elementor-widget-text-editor\" data-id=\"d8bf827\" data-element_type=\"widget\" data-e-type=\"widget\" data-widget_type=\"text-editor.default\">\n\t\t\t\t\t\t\t\t\t<h1 data-path-to-node=\"3\">Ventas CRM Blog <b style=\"font-size: 16px;\" data-path-to-node=\"4\" data-index-in-node=\"0\"><\/b>\u00e9lnek, \u00e9s csak arra haszn\u00e1ljuk, amire megadtad.<\/h1><p data-path-to-node=\"10\"><b data-path-to-node=\"10\" data-index-in-node=\"0\">Szakmai cikkek.\u00a0<\/b><\/p>\t\t\t\t\t\t\t\t<\/div>\n\t\t\t\t<\/div>\n\t\t\t\t\t<\/div>\n\t\t\t\t<\/div>\n\t\t<div class=\"elementor-element elementor-element-53c2fb7 e-flex e-con-boxed rt-default-class e-con e-parent\" data-id=\"53c2fb7\" data-element_type=\"container\" data-e-type=\"container\">\n\t\t\t\t\t<div class=\"e-con-inner\">\n\t\t\t\t<div class=\"elementor-element elementor-element-0013a65 rt-default-class elementor-widget elementor-widget-react-blog\" data-id=\"0013a65\" data-element_type=\"widget\" data-e-type=\"widget\" data-widget_type=\"react-blog.default\">\n\t\t\t\t<div class=\"elementor-widget-container\">\n\t\t\t\t\t\r\n\t\t<div class=\"reactheme-blog-grid2x reactheme-blog-grid blog--style1\">            \r\n\r\n            <div class=\"row blog-gird-item\">\r\n                \r\n\t\t\t \t<div class=\"grid-item rts-blog v_1 col-lg-4 col-md-6 col-sm-12 col-12 filter_egyeb \">\n    <div class=\"rts-single-blog-area-start blog-item\">\n        <div class=\"thumbnail\">        \n                                <div class=\"tag-area\">\n                        <i class=\"rt-tags\"><\/i>\n                        <span><ul class=\"post-categories\">\n\t<li><a href=\"https:\/\/ventascrm.hu\/home\/category\/egyeb\/\" rel=\"category tag\">Egy\u00e9b<\/a><\/li><\/ul><\/span>\n                    <\/div>\n                      \n        <\/div>\n        <div class=\"body\">\n            <div class=\"top-avatar-area\">\n                                    <div class=\"single author\">\n                                                    <img decoding=\"async\" src=\"https:\/\/secure.gravatar.com\/avatar\/3a3891951d49099fa3979ab366b625b01af7c1452541ae5c55205da0d9ce7e12?s=96&#038;d=mm&#038;r=g\" alt=\"\">\n                                                <p class=\"blog-author\">qnti<\/p>\n                    <\/div>\n                    \n                                    <div class=\"single date\">\n                                                    <span class=\"date\"><i class=\"rt-clock-regular\"><\/i><\/span>\n                            <p class=\"blog-date\">2025.12.09.<\/p>                       \n                                            <\/div>\n                                <\/div>\n            <a href=\"https:\/\/ventascrm.hu\/home\/2025\/12\/09\/hello-vilag\/\">\n                <h4 class=\"title\">Hell\u00f3 Vil\u00e1g!                <\/h4>\n            <\/a>\n                            <a href=\"https:\/\/ventascrm.hu\/home\/2025\/12\/09\/hello-vilag\/\" class=\"rts-btn btn-border\">\n                    Read More \n                                            <span><i class=\"rt rt-arrow-right-regular\"><\/i><\/span>\n                                      \n                <\/a>\n                        <\/div>\n    <\/div>    \n<\/div> \r\n\t\t\t\t\t<div class=\"grid-item rts-blog v_1 col-lg-4 col-md-6 col-sm-12 col-12 filter_apps \">\n    <div class=\"rts-single-blog-area-start blog-item\">\n        <div class=\"thumbnail\">        \n                            <a href=\"https:\/\/ventascrm.hu\/home\/2025\/04\/20\/how-we-built-a-saas-on-wordpress-30-days\/\" class=\"thumbnail\">\n                    <img fetchpriority=\"high\" decoding=\"async\" width=\"884\" height=\"507\" src=\"https:\/\/ventascrm.hu\/home\/wp-content\/uploads\/2025\/04\/blog-page-img3.png\" class=\"attachment-post-thumbnail size-post-thumbnail wp-post-image\" alt=\"\" srcset=\"https:\/\/ventascrm.hu\/home\/wp-content\/uploads\/2025\/04\/blog-page-img3.png 884w, https:\/\/ventascrm.hu\/home\/wp-content\/uploads\/2025\/04\/blog-page-img3-300x172.png 300w, https:\/\/ventascrm.hu\/home\/wp-content\/uploads\/2025\/04\/blog-page-img3-768x440.png 768w\" sizes=\"(max-width: 884px) 100vw, 884px\" \/>                <\/a>\n                                    <div class=\"tag-area\">\n                        <i class=\"rt-tags\"><\/i>\n                        <span><ul class=\"post-categories\">\n\t<li><a href=\"https:\/\/ventascrm.hu\/home\/category\/apps\/\" rel=\"category tag\">Apps<\/a><\/li><\/ul><\/span>\n                    <\/div>\n                      \n        <\/div>\n        <div class=\"body\">\n            <div class=\"top-avatar-area\">\n                                    <div class=\"single author\">\n                                                    <img decoding=\"async\" src=\"https:\/\/secure.gravatar.com\/avatar\/3a3891951d49099fa3979ab366b625b01af7c1452541ae5c55205da0d9ce7e12?s=96&#038;d=mm&#038;r=g\" alt=\"\">\n                                                <p class=\"blog-author\">qnti<\/p>\n                    <\/div>\n                    \n                                    <div class=\"single date\">\n                                                    <span class=\"date\"><i class=\"rt-clock-regular\"><\/i><\/span>\n                            <p class=\"blog-date\">2025.04.20.<\/p>                       \n                                            <\/div>\n                                <\/div>\n            <a href=\"https:\/\/ventascrm.hu\/home\/2025\/04\/20\/how-we-built-a-saas-on-wordpress-30-days\/\">\n                <h4 class=\"title\">How We Built a SaaS on WordPress 30 Days                <\/h4>\n            <\/a>\n                            <a href=\"https:\/\/ventascrm.hu\/home\/2025\/04\/20\/how-we-built-a-saas-on-wordpress-30-days\/\" class=\"rts-btn btn-border\">\n                    Read More \n                                            <span><i class=\"rt rt-arrow-right-regular\"><\/i><\/span>\n                                      \n                <\/a>\n                        <\/div>\n    <\/div>    \n<\/div> \r\n\t\t\t\t\t<div class=\"grid-item rts-blog v_1 col-lg-4 col-md-6 col-sm-12 col-12 filter_android \">\n    <div class=\"rts-single-blog-area-start blog-item\">\n        <div class=\"thumbnail\">        \n                            <a href=\"https:\/\/ventascrm.hu\/home\/2025\/04\/20\/top-7-wordpress-plugins-every-saas-founder\/\" class=\"thumbnail\">\n                    <img decoding=\"async\" width=\"884\" height=\"507\" src=\"https:\/\/ventascrm.hu\/home\/wp-content\/uploads\/2025\/03\/blog-page-img2.png\" class=\"attachment-post-thumbnail size-post-thumbnail wp-post-image\" alt=\"\" srcset=\"https:\/\/ventascrm.hu\/home\/wp-content\/uploads\/2025\/03\/blog-page-img2.png 884w, https:\/\/ventascrm.hu\/home\/wp-content\/uploads\/2025\/03\/blog-page-img2-300x172.png 300w, https:\/\/ventascrm.hu\/home\/wp-content\/uploads\/2025\/03\/blog-page-img2-768x440.png 768w\" sizes=\"(max-width: 884px) 100vw, 884px\" \/>                <\/a>\n                                    <div class=\"tag-area\">\n                        <i class=\"rt-tags\"><\/i>\n                        <span><ul class=\"post-categories\">\n\t<li><a href=\"https:\/\/ventascrm.hu\/home\/category\/android\/\" rel=\"category tag\">Android<\/a><\/li><\/ul><\/span>\n                    <\/div>\n                      \n        <\/div>\n        <div class=\"body\">\n            <div class=\"top-avatar-area\">\n                                    <div class=\"single author\">\n                                                    <img decoding=\"async\" src=\"https:\/\/secure.gravatar.com\/avatar\/3a3891951d49099fa3979ab366b625b01af7c1452541ae5c55205da0d9ce7e12?s=96&#038;d=mm&#038;r=g\" alt=\"\">\n                                                <p class=\"blog-author\">qnti<\/p>\n                    <\/div>\n                    \n                                    <div class=\"single date\">\n                                                    <span class=\"date\"><i class=\"rt-clock-regular\"><\/i><\/span>\n                            <p class=\"blog-date\">2025.04.20.<\/p>                       \n                                            <\/div>\n                                <\/div>\n            <a href=\"https:\/\/ventascrm.hu\/home\/2025\/04\/20\/top-7-wordpress-plugins-every-saas-founder\/\">\n                <h4 class=\"title\">Top 7 WordPress Plugins Every SaaS Founder                <\/h4>\n            <\/a>\n                            <a href=\"https:\/\/ventascrm.hu\/home\/2025\/04\/20\/top-7-wordpress-plugins-every-saas-founder\/\" class=\"rts-btn btn-border\">\n                    Read More \n                                            <span><i class=\"rt rt-arrow-right-regular\"><\/i><\/span>\n                                      \n                <\/a>\n                        <\/div>\n    <\/div>    \n<\/div> \r\n\t\t\t\t\t<div class=\"grid-item rts-blog v_1 col-lg-4 col-md-6 col-sm-12 col-12 filter_saas \">\n    <div class=\"rts-single-blog-area-start blog-item\">\n        <div class=\"thumbnail\">        \n                            <a href=\"https:\/\/ventascrm.hu\/home\/2025\/04\/20\/building-scalable-saas-platforms-with-wordpress\/\" class=\"thumbnail\">\n                    <img decoding=\"async\" width=\"884\" height=\"507\" src=\"https:\/\/ventascrm.hu\/home\/wp-content\/uploads\/2025\/03\/blog-page-img1.png\" class=\"attachment-post-thumbnail size-post-thumbnail wp-post-image\" alt=\"\" srcset=\"https:\/\/ventascrm.hu\/home\/wp-content\/uploads\/2025\/03\/blog-page-img1.png 884w, https:\/\/ventascrm.hu\/home\/wp-content\/uploads\/2025\/03\/blog-page-img1-300x172.png 300w, https:\/\/ventascrm.hu\/home\/wp-content\/uploads\/2025\/03\/blog-page-img1-768x440.png 768w\" sizes=\"(max-width: 884px) 100vw, 884px\" \/>                <\/a>\n                                    <div class=\"tag-area\">\n                        <i class=\"rt-tags\"><\/i>\n                        <span><ul class=\"post-categories\">\n\t<li><a href=\"https:\/\/ventascrm.hu\/home\/category\/saas\/\" rel=\"category tag\">Saas<\/a><\/li><\/ul><\/span>\n                    <\/div>\n                      \n        <\/div>\n        <div class=\"body\">\n            <div class=\"top-avatar-area\">\n                                    <div class=\"single author\">\n                                                    <img decoding=\"async\" src=\"https:\/\/secure.gravatar.com\/avatar\/3a3891951d49099fa3979ab366b625b01af7c1452541ae5c55205da0d9ce7e12?s=96&#038;d=mm&#038;r=g\" alt=\"\">\n                                                <p class=\"blog-author\">qnti<\/p>\n                    <\/div>\n                    \n                                    <div class=\"single date\">\n                                                    <span class=\"date\"><i class=\"rt-clock-regular\"><\/i><\/span>\n                            <p class=\"blog-date\">2025.04.20.<\/p>                       \n                                            <\/div>\n                                <\/div>\n            <a href=\"https:\/\/ventascrm.hu\/home\/2025\/04\/20\/building-scalable-saas-platforms-with-wordpress\/\">\n                <h4 class=\"title\">Building Scalable SaaS Platforms with WordPress                <\/h4>\n            <\/a>\n                            <a href=\"https:\/\/ventascrm.hu\/home\/2025\/04\/20\/building-scalable-saas-platforms-with-wordpress\/\" class=\"rts-btn btn-border\">\n                    Read More \n                                            <span><i class=\"rt rt-arrow-right-regular\"><\/i><\/span>\n                                      \n                <\/a>\n                        <\/div>\n    <\/div>    \n<\/div> \r\n\t\t\t\t\t<div class=\"grid-item rts-blog v_1 col-lg-4 col-md-6 col-sm-12 col-12 filter_wordpress \">\n    <div class=\"rts-single-blog-area-start blog-item\">\n        <div class=\"thumbnail\">        \n                            <a href=\"https:\/\/ventascrm.hu\/home\/2025\/04\/20\/wordpress-weapon-for-saas-startups-in-2025\/\" class=\"thumbnail\">\n                    <img fetchpriority=\"high\" decoding=\"async\" width=\"884\" height=\"507\" src=\"https:\/\/ventascrm.hu\/home\/wp-content\/uploads\/2025\/04\/blog-page-img3.png\" class=\"attachment-post-thumbnail size-post-thumbnail wp-post-image\" alt=\"\" srcset=\"https:\/\/ventascrm.hu\/home\/wp-content\/uploads\/2025\/04\/blog-page-img3.png 884w, https:\/\/ventascrm.hu\/home\/wp-content\/uploads\/2025\/04\/blog-page-img3-300x172.png 300w, https:\/\/ventascrm.hu\/home\/wp-content\/uploads\/2025\/04\/blog-page-img3-768x440.png 768w\" sizes=\"(max-width: 884px) 100vw, 884px\" \/>                <\/a>\n                                    <div class=\"tag-area\">\n                        <i class=\"rt-tags\"><\/i>\n                        <span><ul class=\"post-categories\">\n\t<li><a href=\"https:\/\/ventascrm.hu\/home\/category\/wordpress\/\" rel=\"category tag\">WordPress<\/a><\/li><\/ul><\/span>\n                    <\/div>\n                      \n        <\/div>\n        <div class=\"body\">\n            <div class=\"top-avatar-area\">\n                                    <div class=\"single author\">\n                                                    <img decoding=\"async\" src=\"https:\/\/secure.gravatar.com\/avatar\/3a3891951d49099fa3979ab366b625b01af7c1452541ae5c55205da0d9ce7e12?s=96&#038;d=mm&#038;r=g\" alt=\"\">\n                                                <p class=\"blog-author\">qnti<\/p>\n                    <\/div>\n                    \n                                    <div class=\"single date\">\n                                                    <span class=\"date\"><i class=\"rt-clock-regular\"><\/i><\/span>\n                            <p class=\"blog-date\">2025.04.20.<\/p>                       \n                                            <\/div>\n                                <\/div>\n            <a href=\"https:\/\/ventascrm.hu\/home\/2025\/04\/20\/wordpress-weapon-for-saas-startups-in-2025\/\">\n                <h4 class=\"title\">WordPress Weapon for SaaS Startups in 2025.                <\/h4>\n            <\/a>\n                            <a href=\"https:\/\/ventascrm.hu\/home\/2025\/04\/20\/wordpress-weapon-for-saas-startups-in-2025\/\" class=\"rts-btn btn-border\">\n                    Read More \n                                            <span><i class=\"rt rt-arrow-right-regular\"><\/i><\/span>\n                                      \n                <\/a>\n                        <\/div>\n    <\/div>    \n<\/div> \r\n\t\t\t\t\t<div class=\"grid-item rts-blog v_1 col-lg-4 col-md-6 col-sm-12 col-12 filter_android \">\n    <div class=\"rts-single-blog-area-start blog-item\">\n        <div class=\"thumbnail\">        \n                            <a href=\"https:\/\/ventascrm.hu\/home\/2025\/03\/22\/android-to-make-life-more-straight-forward\/\" class=\"thumbnail\">\n                    <img decoding=\"async\" width=\"884\" height=\"507\" src=\"https:\/\/ventascrm.hu\/home\/wp-content\/uploads\/2025\/03\/blog-page-img1.png\" class=\"attachment-post-thumbnail size-post-thumbnail wp-post-image\" alt=\"\" srcset=\"https:\/\/ventascrm.hu\/home\/wp-content\/uploads\/2025\/03\/blog-page-img1.png 884w, https:\/\/ventascrm.hu\/home\/wp-content\/uploads\/2025\/03\/blog-page-img1-300x172.png 300w, https:\/\/ventascrm.hu\/home\/wp-content\/uploads\/2025\/03\/blog-page-img1-768x440.png 768w\" sizes=\"(max-width: 884px) 100vw, 884px\" \/>                <\/a>\n                                    <div class=\"tag-area\">\n                        <i class=\"rt-tags\"><\/i>\n                        <span><ul class=\"post-categories\">\n\t<li><a href=\"https:\/\/ventascrm.hu\/home\/category\/android\/\" rel=\"category tag\">Android<\/a><\/li><\/ul><\/span>\n                    <\/div>\n                      \n        <\/div>\n        <div class=\"body\">\n            <div class=\"top-avatar-area\">\n                                    <div class=\"single author\">\n                                                    <img decoding=\"async\" src=\"https:\/\/secure.gravatar.com\/avatar\/3a3891951d49099fa3979ab366b625b01af7c1452541ae5c55205da0d9ce7e12?s=96&#038;d=mm&#038;r=g\" alt=\"\">\n                                                <p class=\"blog-author\">qnti<\/p>\n                    <\/div>\n                    \n                                    <div class=\"single date\">\n                                                    <span class=\"date\"><i class=\"rt-clock-regular\"><\/i><\/span>\n                            <p class=\"blog-date\">2025.03.22.<\/p>                       \n                                            <\/div>\n                                <\/div>\n            <a href=\"https:\/\/ventascrm.hu\/home\/2025\/03\/22\/android-to-make-life-more-straight-forward\/\">\n                <h4 class=\"title\">Android to Make Life More straight forward                <\/h4>\n            <\/a>\n                            <a href=\"https:\/\/ventascrm.hu\/home\/2025\/03\/22\/android-to-make-life-more-straight-forward\/\" class=\"rts-btn btn-border\">\n                    Read More \n                                            <span><i class=\"rt rt-arrow-right-regular\"><\/i><\/span>\n                                      \n                <\/a>\n                        <\/div>\n    <\/div>    \n<\/div> \r\n\t\t\t\t\t             \r\n                         \r\n                <\/div>                                 \r\n            \t    \r\n                              \r\n\t\t<\/div>\r\n\t   \t\t\t\t<\/div>\n\t\t\t\t<\/div>\n\t\t\t\t\t<\/div>\n\t\t\t\t<\/div>\n\t\t\t\t<\/div>\n\t\t","protected":false},"excerpt":{"rendered":"<p>Ventas CRM Blog \u00e9lnek, \u00e9s csak arra haszn\u00e1ljuk, amire megadtad. Szakmai cikkek.\u00a0 Egy\u00e9b qnti 2025.12.09. Hell\u00f3 Vil\u00e1g! Read More Apps qnti 2025.04.20. How We Built a SaaS on WordPress 30 Days Read More Android qnti 2025.04.20. Top 7 WordPress Plugins Every SaaS Founder Read More Saas qnti 2025.04.20. Building Scalable SaaS Platforms with WordPress Read&#8230;<\/p>\n","protected":false},"author":1,"featured_media":0,"parent":0,"menu_order":0,"comment_status":"closed","ping_status":"closed","template":"","meta":{"inline_featured_image":false,"footnotes":""},"class_list":["post-7705","page","type-page","status-publish","hentry"],"_links":{"self":[{"href":"https:\/\/ventascrm.hu\/home\/wp-json\/wp\/v2\/pages\/7705","targetHints":{"allow":["GET"]}}],"collection":[{"href":"https:\/\/ventascrm.hu\/home\/wp-json\/wp\/v2\/pages"}],"about":[{"href":"https:\/\/ventascrm.hu\/home\/wp-json\/wp\/v2\/types\/page"}],"author":[{"embeddable":true,"href":"https:\/\/ventascrm.hu\/home\/wp-json\/wp\/v2\/users\/1"}],"replies":[{"embeddable":true,"href":"https:\/\/ventascrm.hu\/home\/wp-json\/wp\/v2\/comments?post=7705"}],"version-history":[{"count":3,"href":"https:\/\/ventascrm.hu\/home\/wp-json\/wp\/v2\/pages\/7705\/revisions"}],"predecessor-version":[{"id":7709,"href":"https:\/\/ventascrm.hu\/home\/wp-json\/wp\/v2\/pages\/7705\/revisions\/7709"}],"wp:attachment":[{"href":"https:\/\/ventascrm.hu\/home\/wp-json\/wp\/v2\/media?parent=7705"}],"curies":[{"name":"wp","href":"https:\/\/api.w.org\/{rel}","templated":true}]}}