{"id":1712,"date":"2024-09-18T06:24:38","date_gmt":"2024-09-18T06:24:38","guid":{"rendered":"https:\/\/themewant.com\/products\/wordpress\/saafiy\/?page_id=1712"},"modified":"2026-05-01T16:13:48","modified_gmt":"2026-05-01T14:13:48","slug":"about-us-2","status":"publish","type":"page","link":"https:\/\/ventascrm.hu\/home\/about-us-2\/","title":{"rendered":"About Us"},"content":{"rendered":"\t\t<div data-elementor-type=\"wp-page\" data-elementor-id=\"1712\" class=\"elementor elementor-1712\">\n\t\t\t\t<div class=\"elementor-element elementor-element-4460680 e-flex e-con-boxed rt-default-class e-con e-parent\" data-id=\"4460680\" data-element_type=\"container\" data-e-type=\"container\" data-settings=\"{&quot;background_background&quot;:&quot;classic&quot;}\">\n\t\t\t\t\t<div class=\"e-con-inner\">\n\t\t<div class=\"elementor-element elementor-element-58d1096 e-con-full e-flex rt-default-class e-con e-child\" data-id=\"58d1096\" data-element_type=\"container\" data-e-type=\"container\">\n\t\t<div class=\"elementor-element elementor-element-151265f e-con-full e-flex rt-default-class e-con e-child\" data-id=\"151265f\" data-element_type=\"container\" data-e-type=\"container\">\n\t\t\t\t<div class=\"elementor-element elementor-element-e47ccc3 rt-default-class elementor-invisible elementor-widget elementor-widget-react-heading\" data-id=\"e47ccc3\" data-element_type=\"widget\" data-e-type=\"widget\" data-settings=\"{&quot;_animation&quot;:&quot;fadeInUp&quot;}\" data-widget_type=\"react-heading.default\">\n\t\t\t\t<div class=\"elementor-widget-container\">\n\t\t\t\t\t\t\t<div class=\"react-heading default\">\r\n\t\t\t<div class=\"title-inner\">\r\n\t\t\t\t<div><h1 class=\"title word-line\">Besz\u00e9ljenek a VentasCRM <span class=\"high_light_text\">sz\u00e1mai <img decoding=\"async\" src=\"\" alt=\"\"> <\/span><\/h1><\/div>\t\t\t<\/div>\t\t\t\r\n\t\t<\/div>\t\t\t\r\n\t\t\t\t\t<\/div>\n\t\t\t\t<\/div>\n\t\t\t\t<div class=\"elementor-element elementor-element-f06ab7c elementor-widget__width-initial rt-default-class elementor-invisible elementor-widget elementor-widget-text-editor\" data-id=\"f06ab7c\" data-element_type=\"widget\" data-e-type=\"widget\" data-settings=\"{&quot;_animation&quot;:&quot;fadeInUp&quot;,&quot;_animation_delay&quot;:400}\" data-widget_type=\"text-editor.default\">\n\t\t\t\t\t\t\t\t\t<p>Hangzatos \u00edg\u00e9retek helyett ink\u00e1bb a konkr\u00e9t eredm\u00e9nyekben, sz\u00e1mokban hisz\u00fcnk.\u00a0<\/p>\t\t\t\t\t\t\t\t<\/div>\n\t\t<div class=\"elementor-element elementor-element-b87e50c e-con-full e-flex rt-default-class elementor-invisible e-con e-child\" data-id=\"b87e50c\" data-element_type=\"container\" data-e-type=\"container\" data-settings=\"{&quot;animation&quot;:&quot;fadeInUp&quot;,&quot;animation_delay&quot;:400}\">\n\t\t<div class=\"elementor-element elementor-element-48aed09 e-con-full e-flex rt-default-class e-con e-child\" data-id=\"48aed09\" data-element_type=\"container\" data-e-type=\"container\">\n\t\t\t\t<div class=\"elementor-element elementor-element-54cf351 rt-default-class elementor-widget elementor-widget-counter\" data-id=\"54cf351\" data-element_type=\"widget\" data-e-type=\"widget\" data-widget_type=\"counter.default\">\n\t\t\t\t\t\t\t<div class=\"elementor-counter\">\n\t\t\t<div class=\"elementor-counter-title\">Rendelkez\u00e9sre \u00e1ll\u00e1s<\/div>\t\t\t<div class=\"elementor-counter-number-wrapper\">\n\t\t\t\t<span class=\"elementor-counter-number-prefix\"><\/span>\n\t\t\t\t<span class=\"elementor-counter-number\" data-duration=\"2000\" data-to-value=\"99.9\" data-from-value=\"0\" data-delimiter=\",\">0<\/span>\n\t\t\t\t<span class=\"elementor-counter-number-suffix\">%<\/span>\n\t\t\t<\/div>\n\t\t<\/div>\n\t\t\t\t\t\t<\/div>\n\t\t\t\t<div class=\"elementor-element elementor-element-cb6f390 rt-default-class elementor-widget elementor-widget-counter\" data-id=\"cb6f390\" data-element_type=\"widget\" data-e-type=\"widget\" data-widget_type=\"counter.default\">\n\t\t\t\t\t\t\t<div class=\"elementor-counter\">\n\t\t\t<div class=\"elementor-counter-title\">Plusz sikeres lez\u00e1rt \u00fczlet<\/div>\t\t\t<div class=\"elementor-counter-number-wrapper\">\n\t\t\t\t<span class=\"elementor-counter-number-prefix\"><\/span>\n\t\t\t\t<span class=\"elementor-counter-number\" data-duration=\"2000\" data-to-value=\"32\" data-from-value=\"0\" data-delimiter=\",\">0<\/span>\n\t\t\t\t<span class=\"elementor-counter-number-suffix\">%<\/span>\n\t\t\t<\/div>\n\t\t<\/div>\n\t\t\t\t\t\t<\/div>\n\t\t\t\t<div class=\"elementor-element elementor-element-679fdc4 rt-default-class elementor-widget elementor-widget-counter\" data-id=\"679fdc4\" data-element_type=\"widget\" data-e-type=\"widget\" data-widget_type=\"counter.default\">\n\t\t\t\t\t\t\t<div class=\"elementor-counter\">\n\t\t\t<div class=\"elementor-counter-title\">Megt\u00e9r\u00fcl\u00e9s \u00e1tlagosan (ROI)<\/div>\t\t\t<div class=\"elementor-counter-number-wrapper\">\n\t\t\t\t<span class=\"elementor-counter-number-prefix\">x<\/span>\n\t\t\t\t<span class=\"elementor-counter-number\" data-duration=\"2000\" data-to-value=\"8.7\" data-from-value=\"0\" data-delimiter=\",\">0<\/span>\n\t\t\t\t<span class=\"elementor-counter-number-suffix\">+<\/span>\n\t\t\t<\/div>\n\t\t<\/div>\n\t\t\t\t\t\t<\/div>\n\t\t\t\t<\/div>\n\t\t\t\t<\/div>\n\t\t\t\t<\/div>\n\t\t<div class=\"elementor-element elementor-element-b43c242 e-con-full e-flex rt-default-class e-con e-child\" data-id=\"b43c242\" data-element_type=\"container\" data-e-type=\"container\">\n\t\t\t\t<div class=\"elementor-element elementor-element-8f258d6 p_inherit_880 animated-slow rt-default-class elementor-invisible elementor-widget elementor-widget-image\" data-id=\"8f258d6\" data-element_type=\"widget\" data-e-type=\"widget\" data-settings=\"{&quot;_animation&quot;:&quot;fadeIn&quot;}\" data-widget_type=\"image.default\">\n\t\t\t\t\t\t\t\t\t\t\t\t\t\t\t<img fetchpriority=\"high\" decoding=\"async\" width=\"532\" height=\"541\" src=\"https:\/\/ventascrm.hu\/home\/wp-content\/uploads\/2024\/10\/01.webp\" class=\"attachment-large size-large wp-image-3899\" alt=\"\" srcset=\"https:\/\/ventascrm.hu\/home\/wp-content\/uploads\/2024\/10\/01.webp 532w, https:\/\/ventascrm.hu\/home\/wp-content\/uploads\/2024\/10\/01-295x300.webp 295w\" sizes=\"(max-width: 532px) 100vw, 532px\" \/>\t\t\t\t\t\t\t\t\t\t\t\t\t\t\t<\/div>\n\t\t\t\t<\/div>\n\t\t\t\t<\/div>\n\t\t\t\t\t<\/div>\n\t\t\t\t<\/div>\n\t\t<div class=\"elementor-element elementor-element-e821e43 e-flex e-con-boxed rt-default-class e-con e-parent\" data-id=\"e821e43\" data-element_type=\"container\" data-e-type=\"container\">\n\t\t\t\t\t<div class=\"e-con-inner\">\n\t\t\t\t<div class=\"elementor-element elementor-element-b05f2c9 animated-slow rt-default-class elementor-invisible elementor-widget elementor-widget-video\" data-id=\"b05f2c9\" data-element_type=\"widget\" data-e-type=\"widget\" data-settings=\"{&quot;youtube_url&quot;:&quot;https:\\\/\\\/youtu.be\\\/U9Bx63zxPik&quot;,&quot;autoplay&quot;:&quot;yes&quot;,&quot;play_on_mobile&quot;:&quot;yes&quot;,&quot;show_image_overlay&quot;:&quot;yes&quot;,&quot;image_overlay&quot;:{&quot;url&quot;:&quot;https:\\\/\\\/themewant.com\\\/products\\\/wordpress\\\/saafiy\\\/crm\\\/crm\\\/crm\\\/wp-content\\\/uploads\\\/sites\\\/2\\\/2024\\\/10\\\/01-2.webp&quot;,&quot;id&quot;:3970,&quot;size&quot;:&quot;&quot;,&quot;alt&quot;:&quot;&quot;,&quot;source&quot;:&quot;library&quot;},&quot;lightbox&quot;:&quot;yes&quot;,&quot;lightbox_content_animation&quot;:&quot;fadeIn&quot;,&quot;_animation&quot;:&quot;fadeIn&quot;,&quot;video_type&quot;:&quot;youtube&quot;,&quot;controls&quot;:&quot;yes&quot;}\" data-widget_type=\"video.default\">\n\t\t\t\t\t\t\t<div class=\"elementor-wrapper elementor-open-lightbox\">\n\t\t\t\t\t\t\t<div class=\"elementor-custom-embed-image-overlay\" data-elementor-open-lightbox=\"yes\" data-elementor-lightbox=\"{&quot;type&quot;:&quot;video&quot;,&quot;videoType&quot;:&quot;youtube&quot;,&quot;url&quot;:&quot;https:\\\/\\\/www.youtube.com\\\/embed\\\/U9Bx63zxPik?feature=oembed&amp;start&amp;end&amp;wmode=opaque&amp;loop=0&amp;controls=1&amp;mute=0&amp;rel=0&amp;cc_load_policy=0&quot;,&quot;autoplay&quot;:&quot;yes&quot;,&quot;modalOptions&quot;:{&quot;id&quot;:&quot;elementor-lightbox-b05f2c9&quot;,&quot;entranceAnimation&quot;:&quot;fadeIn&quot;,&quot;entranceAnimation_tablet&quot;:&quot;&quot;,&quot;entranceAnimation_mobile&quot;:&quot;&quot;,&quot;videoAspectRatio&quot;:&quot;169&quot;}}\" data-e-action-hash=\"#elementor-action%3Aaction%3Dlightbox%26settings%3DeyJ0eXBlIjoidmlkZW8iLCJ2aWRlb1R5cGUiOiJ5b3V0dWJlIiwidXJsIjoiaHR0cHM6XC9cL3d3dy55b3V0dWJlLmNvbVwvZW1iZWRcL1U5Qng2M3p4UGlrP2ZlYXR1cmU9b2VtYmVkJnN0YXJ0JmVuZCZ3bW9kZT1vcGFxdWUmbG9vcD0wJmNvbnRyb2xzPTEmbXV0ZT0wJnJlbD0wJmNjX2xvYWRfcG9saWN5PTAiLCJhdXRvcGxheSI6InllcyIsIm1vZGFsT3B0aW9ucyI6eyJpZCI6ImVsZW1lbnRvci1saWdodGJveC1iMDVmMmM5IiwiZW50cmFuY2VBbmltYXRpb24iOiJmYWRlSW4iLCJlbnRyYW5jZUFuaW1hdGlvbl90YWJsZXQiOiIiLCJlbnRyYW5jZUFuaW1hdGlvbl9tb2JpbGUiOiIiLCJ2aWRlb0FzcGVjdFJhdGlvIjoiMTY5In19\">\n\t\t\t\t\t\t\t\t\t\t\t<img decoding=\"async\" width=\"1320\" height=\"780\" src=\"https:\/\/ventascrm.hu\/home\/wp-content\/uploads\/2024\/10\/01-2.webp\" class=\"attachment-full size-full wp-image-3970\" alt=\"\" srcset=\"https:\/\/ventascrm.hu\/home\/wp-content\/uploads\/2024\/10\/01-2.webp 1320w, https:\/\/ventascrm.hu\/home\/wp-content\/uploads\/2024\/10\/01-2-300x177.webp 300w, https:\/\/ventascrm.hu\/home\/wp-content\/uploads\/2024\/10\/01-2-1024x605.webp 1024w, https:\/\/ventascrm.hu\/home\/wp-content\/uploads\/2024\/10\/01-2-768x454.webp 768w\" sizes=\"(max-width: 1320px) 100vw, 1320px\" \/>\t\t\t\t\t\t\t\t\t\t\t\t\t\t\t\t<div class=\"elementor-custom-embed-play\" role=\"button\" aria-label=\"Vide\u00f3 lej\u00e1tsz\u00e1sa\" tabindex=\"0\">\n\t\t\t\t\t\t\t<svg aria-hidden=\"true\" class=\"e-font-icon-svg e-eicon-play\" viewBox=\"0 0 1000 1000\" xmlns=\"http:\/\/www.w3.org\/2000\/svg\"><path d=\"M838 162C746 71 633 25 500 25 371 25 258 71 163 162 71 254 25 367 25 500 25 633 71 746 163 837 254 929 367 979 500 979 633 979 746 933 838 837 929 746 975 633 975 500 975 367 929 254 838 162M808 192C892 279 933 379 933 500 933 621 892 725 808 808 725 892 621 938 500 938 379 938 279 896 196 808 113 725 67 621 67 500 67 379 108 279 196 192 279 108 383 62 500 62 621 62 721 108 808 192M438 392V642L642 517 438 392Z\"><\/path><\/svg>\t\t\t\t\t\t<\/div>\n\t\t\t\t\t\t\t\t\t<\/div>\n\t\t\t\t\t<\/div>\n\t\t\t\t\t\t<\/div>\n\t\t\t\t\t<\/div>\n\t\t\t\t<\/div>\n\t\t<div class=\"elementor-element elementor-element-41b711b e-flex e-con-boxed rt-default-class e-con e-parent\" data-id=\"41b711b\" data-element_type=\"container\" data-e-type=\"container\">\n\t\t\t\t\t<div class=\"e-con-inner\">\n\t\t<div class=\"elementor-element elementor-element-de87155 e-con-full animated-slow e-flex rt-default-class elementor-invisible e-con e-child\" data-id=\"de87155\" data-element_type=\"container\" data-e-type=\"container\" data-settings=\"{&quot;animation&quot;:&quot;fadeInLeft&quot;}\">\n\t\t\t\t<div class=\"elementor-element elementor-element-fb7e50c rt-default-class elementor-widget elementor-widget-heading\" data-id=\"fb7e50c\" data-element_type=\"widget\" data-e-type=\"widget\" data-widget_type=\"heading.default\">\n\t\t\t\t\t<h1 class=\"elementor-heading-title elementor-size-default\">Hat\u00e9konys\u00e1g mindenek felett<\/h1>\t\t\t\t<\/div>\n\t\t\t\t<div class=\"elementor-element elementor-element-b094512 rt-default-class elementor-widget elementor-widget-text-editor\" data-id=\"b094512\" data-element_type=\"widget\" data-e-type=\"widget\" data-widget_type=\"text-editor.default\">\n\t\t\t\t\t\t\t\t\t<p>N\u00f6velje c\u00e9ge hat\u00e9konys\u00e1g\u00e1t egy biztons\u00e1gos, testreszabhat\u00f3 \u00e9s sallangmentes rendszerrel. A Ventas CRM kifejezetten a B2B szolg\u00e1ltat\u00f3k folyamataihoz idomul, hogy \u00d6n az adminisztr\u00e1ci\u00f3 helyett a n\u00f6veked\u00e9sre f\u00f3kusz\u00e1lhasson.<\/p>\t\t\t\t\t\t\t\t<\/div>\n\t\t\t\t<div class=\"elementor-element elementor-element-d1723d3 elementor-icon-list--layout-traditional elementor-list-item-link-full_width rt-default-class elementor-widget elementor-widget-icon-list\" data-id=\"d1723d3\" data-element_type=\"widget\" data-e-type=\"widget\" data-widget_type=\"icon-list.default\">\n\t\t\t\t\t\t\t<ul class=\"elementor-icon-list-items\">\n\t\t\t\t\t\t\t<li class=\"elementor-icon-list-item\">\n\t\t\t\t\t\t\t\t\t\t<span class=\"elementor-icon-list-text\">K\u00f6vethet\u0151 \u00e9rt\u00e9kes\u00edt\u00e9si folyamat<\/span>\n\t\t\t\t\t\t\t\t\t<\/li>\n\t\t\t\t\t\t\t\t<li class=\"elementor-icon-list-item\">\n\t\t\t\t\t\t\t\t\t\t<span class=\"elementor-icon-list-text\">T\u00f6k\u00e9letes \u00fcgyf\u00e9ladatok b\u00e1rhonnan<\/span>\n\t\t\t\t\t\t\t\t\t<\/li>\n\t\t\t\t\t\t\t\t<li class=\"elementor-icon-list-item\">\n\t\t\t\t\t\t\t\t\t\t<span class=\"elementor-icon-list-text\">Egy fel\u00fcleten kezelhet\u0151 minden folyamat<\/span>\n\t\t\t\t\t\t\t\t\t<\/li>\n\t\t\t\t\t\t<\/ul>\n\t\t\t\t\t\t<\/div>\n\t\t\t\t<div class=\"elementor-element elementor-element-4e440f9 rt-default-class elementor-widget elementor-widget-react-button\" data-id=\"4e440f9\" data-element_type=\"widget\" data-e-type=\"widget\" data-widget_type=\"react-button.default\">\n\t\t\t\t<div class=\"elementor-widget-container\">\n\t\t\t\t\t\t\r\n\t\t\t\t\t<a aria-label=\"button\" class=\"react_button\" href=\"https:\/\/ventascrm.hu\/authentication\/register\">\t\r\n\t\t\t\tKipr\u00f3b\u00e1lom\t\t\t\t\t\t\t<\/a>\t\t\t\r\n\t\t\t\r\n\t\t\t\t\t<\/div>\n\t\t\t\t<\/div>\n\t\t\t\t<\/div>\n\t\t<div class=\"elementor-element elementor-element-b5b2fa2 e-con-full e-flex rt-default-class e-con e-child\" data-id=\"b5b2fa2\" data-element_type=\"container\" data-e-type=\"container\">\n\t\t\t\t<div class=\"elementor-element elementor-element-0617798 rt-default-class elementor-invisible elementor-widget elementor-widget-image\" data-id=\"0617798\" data-element_type=\"widget\" data-e-type=\"widget\" data-settings=\"{&quot;_animation&quot;:&quot;zoomIn&quot;}\" data-widget_type=\"image.default\">\n\t\t\t\t\t\t\t\t\t\t\t\t\t\t\t<img decoding=\"async\" width=\"640\" height=\"358\" src=\"https:\/\/ventascrm.hu\/home\/wp-content\/uploads\/2026\/05\/anadashboard-1024x573.jpg\" class=\"attachment-large size-large wp-image-7667\" alt=\"\" srcset=\"https:\/\/ventascrm.hu\/home\/wp-content\/uploads\/2026\/05\/anadashboard-1024x573.jpg 1024w, https:\/\/ventascrm.hu\/home\/wp-content\/uploads\/2026\/05\/anadashboard-300x168.jpg 300w, https:\/\/ventascrm.hu\/home\/wp-content\/uploads\/2026\/05\/anadashboard-768x430.jpg 768w, https:\/\/ventascrm.hu\/home\/wp-content\/uploads\/2026\/05\/anadashboard-1536x860.jpg 1536w, https:\/\/ventascrm.hu\/home\/wp-content\/uploads\/2026\/05\/anadashboard.jpg 1600w\" sizes=\"(max-width: 640px) 100vw, 640px\" \/>\t\t\t\t\t\t\t\t\t\t\t\t\t\t\t<\/div>\n\t\t\t\t<\/div>\n\t\t\t\t\t<\/div>\n\t\t\t\t<\/div>\n\t\t<div class=\"elementor-element elementor-element-2c19c1f e-flex e-con-boxed rt-default-class e-con e-parent\" data-id=\"2c19c1f\" data-element_type=\"container\" data-e-type=\"container\">\n\t\t\t\t\t<div class=\"e-con-inner\">\n\t\t<div class=\"elementor-element elementor-element-6051b93 e-con-full e-flex rt-default-class e-con e-child\" data-id=\"6051b93\" data-element_type=\"container\" data-e-type=\"container\" data-settings=\"{&quot;background_background&quot;:&quot;classic&quot;}\">\n\t\t\t\t<\/div>\n\t\t\t\t\t<\/div>\n\t\t\t\t<\/div>\n\t\t<div class=\"elementor-element elementor-element-953dc70 e-flex e-con-boxed rt-default-class e-con e-child\" data-id=\"953dc70\" data-element_type=\"container\" data-e-type=\"container\">\n\t\t\t\t\t<div class=\"e-con-inner\">\n\t\t\t\t<div class=\"elementor-element elementor-element-c0f7984 elementor-widget__width-initial rt-default-class elementor-invisible elementor-widget elementor-widget-heading\" data-id=\"c0f7984\" data-element_type=\"widget\" data-e-type=\"widget\" data-settings=\"{&quot;_animation&quot;:&quot;fadeInUp&quot;}\" data-widget_type=\"heading.default\">\n\t\t\t\t\t<h1 class=\"elementor-heading-title elementor-size-default\">Egy rendszer a hat\u00e9konys\u00e1g\u00e9rt<\/h1>\t\t\t\t<\/div>\n\t\t<div class=\"elementor-element elementor-element-6f4f387 e-con-full e-flex rt-default-class e-con e-child\" data-id=\"6f4f387\" data-element_type=\"container\" data-e-type=\"container\">\n\t\t<div class=\"elementor-element elementor-element-c3294ed e-con-full e-flex rt-default-class elementor-invisible e-con e-child\" data-id=\"c3294ed\" data-element_type=\"container\" data-e-type=\"container\" data-settings=\"{&quot;background_background&quot;:&quot;classic&quot;,&quot;animation&quot;:&quot;fadeInUp&quot;}\">\n\t\t\t\t<div class=\"elementor-element elementor-element-8aa5164 elementor-widget__width-initial rt-default-class elementor-widget elementor-widget-heading\" data-id=\"8aa5164\" data-element_type=\"widget\" data-e-type=\"widget\" data-widget_type=\"heading.default\">\n\t\t\t\t\t<h2 class=\"elementor-heading-title elementor-size-default\">B2B \u00e9rt\u00e9kes\u00edt\u00e9sre specializ\u00e1lva<\/h2>\t\t\t\t<\/div>\n\t\t\t\t<div class=\"elementor-element elementor-element-b33305e rt-default-class elementor-widget elementor-widget-text-editor\" data-id=\"b33305e\" data-element_type=\"widget\" data-e-type=\"widget\" data-widget_type=\"text-editor.default\">\n\t\t\t\t\t\t\t\t\t<p>A VentasCRM megalkot\u00f3i maguk is \u00e9rt\u00e9kes\u00edt\u0151k, egy CRM \u00e9rt\u00e9kes\u00edt\u0151kt\u0151l \u00e9rt\u00e9kes\u00edt\u0151knek.<\/p>\t\t\t\t\t\t\t\t<\/div>\n\t\t\t\t<div class=\"elementor-element elementor-element-21d857d rt-default-class elementor-widget elementor-widget-image\" data-id=\"21d857d\" data-element_type=\"widget\" data-e-type=\"widget\" data-widget_type=\"image.default\">\n\t\t\t\t\t\t\t\t\t\t\t\t\t\t\t<img loading=\"lazy\" decoding=\"async\" width=\"258\" height=\"300\" src=\"https:\/\/ventascrm.hu\/home\/wp-content\/uploads\/2025\/05\/banner06-main-image-258x300.png\" class=\"attachment-medium size-medium wp-image-5888\" alt=\"\" srcset=\"https:\/\/ventascrm.hu\/home\/wp-content\/uploads\/2025\/05\/banner06-main-image-258x300.png 258w, https:\/\/ventascrm.hu\/home\/wp-content\/uploads\/2025\/05\/banner06-main-image.png 634w\" sizes=\"(max-width: 258px) 100vw, 258px\" \/>\t\t\t\t\t\t\t\t\t\t\t\t\t\t\t<\/div>\n\t\t\t\t<\/div>\n\t\t<div class=\"elementor-element elementor-element-ea968ef e-con-full e-flex rt-default-class elementor-invisible e-con e-child\" data-id=\"ea968ef\" data-element_type=\"container\" data-e-type=\"container\" data-settings=\"{&quot;background_background&quot;:&quot;classic&quot;,&quot;animation&quot;:&quot;fadeInUp&quot;}\">\n\t\t\t\t<div class=\"elementor-element elementor-element-e825924 elementor-widget__width-initial rt-default-class elementor-widget elementor-widget-heading\" data-id=\"e825924\" data-element_type=\"widget\" data-e-type=\"widget\" data-widget_type=\"heading.default\">\n\t\t\t\t\t<h2 class=\"elementor-heading-title elementor-size-default\">F\u00f3kuszban az \u00fcgyf\u00e9l<\/h2>\t\t\t\t<\/div>\n\t\t\t\t<div class=\"elementor-element elementor-element-d8e261b rt-default-class elementor-widget elementor-widget-text-editor\" data-id=\"d8e261b\" data-element_type=\"widget\" data-e-type=\"widget\" data-widget_type=\"text-editor.default\">\n\t\t\t\t\t\t\t\t\t<p>A VentasCRM k\u00f6z\u00e9ppontj\u00e1ban az \u00fcgyf\u00e9lszerz\u00e9s \u00e9s a hat\u00e9konyabb m\u0171k\u00f6d\u00e9s \u00e1ll. Els\u0151dleges \u00e9rt\u00e9k\u00fcnk a magas ROI<\/p>\t\t\t\t\t\t\t\t<\/div>\n\t\t\t\t<div class=\"elementor-element elementor-element-40d41ce rt-default-class elementor-widget elementor-widget-image\" data-id=\"40d41ce\" data-element_type=\"widget\" data-e-type=\"widget\" data-widget_type=\"image.default\">\n\t\t\t\t\t\t\t\t\t\t\t\t\t\t\t<img loading=\"lazy\" decoding=\"async\" width=\"300\" height=\"264\" src=\"https:\/\/ventascrm.hu\/home\/wp-content\/uploads\/2025\/08\/download-app-six-thumb-300x264.png\" class=\"attachment-medium size-medium wp-image-7069\" alt=\"\" srcset=\"https:\/\/ventascrm.hu\/home\/wp-content\/uploads\/2025\/08\/download-app-six-thumb-300x264.png 300w, https:\/\/ventascrm.hu\/home\/wp-content\/uploads\/2025\/08\/download-app-six-thumb-768x675.png 768w, https:\/\/ventascrm.hu\/home\/wp-content\/uploads\/2025\/08\/download-app-six-thumb.png 786w\" sizes=\"(max-width: 300px) 100vw, 300px\" \/>\t\t\t\t\t\t\t\t\t\t\t\t\t\t\t<\/div>\n\t\t\t\t<\/div>\n\t\t\t\t<\/div>\n\t\t\t\t\t<\/div>\n\t\t\t\t<\/div>\n\t\t<div class=\"elementor-element elementor-element-undefined-b0d04f3 e-flex e-con-boxed rt-default-class e-con e-parent\" data-id=\"undefined-b0d04f3\" data-element_type=\"container\" data-e-type=\"container\" data-settings=\"{&quot;background_background&quot;:&quot;classic&quot;}\">\n\t\t\t\t\t<div class=\"e-con-inner\">\n\t\t<div class=\"elementor-element elementor-element-undefined-d64e637 e-con-full e-flex rt-default-class e-con e-child\" data-id=\"undefined-d64e637\" data-element_type=\"container\" data-e-type=\"container\" data-settings=\"{&quot;background_background&quot;:&quot;classic&quot;}\">\n\t\t\t\t<div class=\"elementor-element elementor-element-undefined-fd3eebc rt-default-class elementor-widget elementor-widget-image-box\" data-id=\"undefined-fd3eebc\" data-element_type=\"widget\" data-e-type=\"widget\" data-widget_type=\"image-box.default\">\n\t\t\t\t\t<div class=\"elementor-image-box-wrapper\"><div class=\"elementor-image-box-content\"><h4 class=\"elementor-image-box-title\">R\u00f3lunk<\/h4><p class=\"elementor-image-box-description\">T\u00f6bb \u00e9vtizedes szolg\u00e1ltat\u00e1si \u00e9rt\u00e9kes\u00edt\u00e9si tapasztalattal nem csak rendszert alkottunk, hanem egy m\u0171k\u00f6d\u0151 m\u00f3dszert. <\/p><\/div><\/div>\t\t\t\t<\/div>\n\t\t\t\t<div class=\"elementor-element elementor-element-undefined-734084e rt-default-class elementor-widget elementor-widget-image-box\" data-id=\"undefined-734084e\" data-element_type=\"widget\" data-e-type=\"widget\" data-widget_type=\"image-box.default\">\n\t\t\t\t\t<div class=\"elementor-image-box-wrapper\"><div class=\"elementor-image-box-content\"><h4 class=\"elementor-image-box-title\">Szak\u00e9rt\u0151i csapat<\/h4><p class=\"elementor-image-box-description\">Alap\u00edt\u00f3 tagjaink k\u00f6z\u00f6tt \u00e9rt\u00e9kes\u00edt\u00e9si szak\u00e9rt\u0151, rendszertervez\u0151 \u00e9s projekt szak\u00e9rt\u0151 is tal\u00e1lhat\u00f3. <\/p><\/div><\/div>\t\t\t\t<\/div>\n\t\t\t\t<div class=\"elementor-element elementor-element-undefined-95c5b3d rt-default-class elementor-widget elementor-widget-image-box\" data-id=\"undefined-95c5b3d\" data-element_type=\"widget\" data-e-type=\"widget\" data-widget_type=\"image-box.default\">\n\t\t\t\t\t<div class=\"elementor-image-box-wrapper\"><div class=\"elementor-image-box-content\"><h4 class=\"elementor-image-box-title\">K\u00fcldet\u00e9s\u00fcnk<\/h4><p class=\"elementor-image-box-description\">Arra t\u00f6reksz\u00fcnk, hogy hat\u00e9kony \u00e9rt\u00e9kes\u00edt\u00e9si megold\u00e1sokat k\u00edn\u00e1ljunk, amelyek n\u00f6velik a profitot \u00e9s korszer\u0171s\u00edtik \u00fcgyfeleink \u00fczleti folyamatait.<\/p><\/div><\/div>\t\t\t\t<\/div>\n\t\t\t\t<\/div>\n\t\t<div class=\"elementor-element elementor-element-undefined-9609b6d e-con-full e-flex rt-default-class e-con e-child\" data-id=\"undefined-9609b6d\" data-element_type=\"container\" data-e-type=\"container\">\n\t\t\t\t<div class=\"elementor-element elementor-element-undefined-fb67780 rt-default-class elementor-widget elementor-widget-heading\" data-id=\"undefined-fb67780\" data-element_type=\"widget\" data-e-type=\"widget\" data-widget_type=\"heading.default\">\n\t\t\t\t\t<h2 class=\"elementor-heading-title elementor-size-default\">t\u00f6rt\u00e9net\u00fcnk<\/h2>\t\t\t\t<\/div>\n\t\t\t\t<div class=\"elementor-element elementor-element-undefined-d96fc44 rt-default-class elementor-widget elementor-widget-text-editor\" data-id=\"undefined-d96fc44\" data-element_type=\"widget\" data-e-type=\"widget\" data-widget_type=\"text-editor.default\">\n\t\t\t\t\t\t\t\t\t<p>\u00c9rt\u00e9kes\u00edt\u00e9si szak\u00e9rt\u0151k \u00e1ltal alap\u00edtott v\u00e1llalkoz\u00e1sunk c\u00e9lja, hogy seg\u00edtsen partnereinek n\u00f6velni a hat\u00e9konys\u00e1gukat \u00e9s n\u00f6velni a profitjukat.<\/p>\t\t\t\t\t\t\t\t<\/div>\n\t\t\t\t<\/div>\n\t\t\t\t\t<\/div>\n\t\t\t\t<\/div>\n\t\t\t\t<\/div>\n\t\t","protected":false},"excerpt":{"rendered":"<p>Besz\u00e9ljenek a VentasCRM sz\u00e1mai Hangzatos \u00edg\u00e9retek helyett ink\u00e1bb a konkr\u00e9t eredm\u00e9nyekben, sz\u00e1mokban hisz\u00fcnk.\u00a0 Rendelkez\u00e9sre \u00e1ll\u00e1s 0 % Plusz sikeres lez\u00e1rt \u00fczlet 0 % Megt\u00e9r\u00fcl\u00e9s \u00e1tlagosan (ROI) x 0 + https:\/\/youtu.be\/U9Bx63zxPik Hat\u00e9konys\u00e1g mindenek felett N\u00f6velje c\u00e9ge hat\u00e9konys\u00e1g\u00e1t egy biztons\u00e1gos, testreszabhat\u00f3 \u00e9s sallangmentes rendszerrel. A Ventas CRM kifejezetten a B2B szolg\u00e1ltat\u00f3k folyamataihoz idomul, hogy \u00d6n az adminisztr\u00e1ci\u00f3&#8230;<\/p>\n","protected":false},"author":1,"featured_media":0,"parent":0,"menu_order":0,"comment_status":"closed","ping_status":"closed","template":"elementor_header_footer","meta":{"inline_featured_image":false,"footnotes":""},"class_list":["post-1712","page","type-page","status-publish","hentry"],"_links":{"self":[{"href":"https:\/\/ventascrm.hu\/home\/wp-json\/wp\/v2\/pages\/1712","targetHints":{"allow":["GET"]}}],"collection":[{"href":"https:\/\/ventascrm.hu\/home\/wp-json\/wp\/v2\/pages"}],"about":[{"href":"https:\/\/ventascrm.hu\/home\/wp-json\/wp\/v2\/types\/page"}],"author":[{"embeddable":true,"href":"https:\/\/ventascrm.hu\/home\/wp-json\/wp\/v2\/users\/1"}],"replies":[{"embeddable":true,"href":"https:\/\/ventascrm.hu\/home\/wp-json\/wp\/v2\/comments?post=1712"}],"version-history":[{"count":5,"href":"https:\/\/ventascrm.hu\/home\/wp-json\/wp\/v2\/pages\/1712\/revisions"}],"predecessor-version":[{"id":7671,"href":"https:\/\/ventascrm.hu\/home\/wp-json\/wp\/v2\/pages\/1712\/revisions\/7671"}],"wp:attachment":[{"href":"https:\/\/ventascrm.hu\/home\/wp-json\/wp\/v2\/media?parent=1712"}],"curies":[{"name":"wp","href":"https:\/\/api.w.org\/{rel}","templated":true}]}}